{"id":12372,"date":"2019-10-01T09:03:58","date_gmt":"2019-10-01T07:03:58","guid":{"rendered":"http:\/\/neu.maurawasescha.com\/?page_id=12372"},"modified":"2022-03-24T07:38:22","modified_gmt":"2022-03-24T06:38:22","slug":"dati-societari","status":"publish","type":"page","link":"https:\/\/www.maurawasescha1.ch\/it\/dati-societari\/","title":{"rendered":"Dati Societari"},"content":{"rendered":"<div id='impressum'  class='avia-section av-k17i56ll-ad12496a9608571426f546f1bb94a421 main_color avia-section-default avia-no-border-styling  avia-builder-el-0  avia-builder-el-no-sibling  avia-bg-style-scroll container_wrap fullsize'  ><div class='container av-section-cont-open' ><main  role=\"main\" itemprop=\"mainContentOfPage\"  class='template-page content  av-content-full alpha units'><div class='post-entry post-entry-type-page post-entry-12372'><div class='entry-content-wrapper clearfix'>\n\n<style type=\"text\/css\" data-created_by=\"avia_inline_auto\" id=\"style-css-av-k10mfi9g-61b2e211142f4a752a9ce409ed427f90\">\n.flex_column.av-k10mfi9g-61b2e211142f4a752a9ce409ed427f90{\nborder-radius:0px 0px 0px 0px;\npadding:0px 0px 0px 0px;\n}\n<\/style>\n<div  class='flex_column av-k10mfi9g-61b2e211142f4a752a9ce409ed427f90 av_one_full  avia-builder-el-1  el_before_av_two_fifth  avia-builder-el-first  first flex_column_div av-zero-column-padding  '     ><style type=\"text\/css\" data-created_by=\"avia_inline_auto\" id=\"style-css-av-2whu7o-6221c29644c262be02b3db1bf0480e62\">\n#top .av-special-heading.av-2whu7o-6221c29644c262be02b3db1bf0480e62{\npadding-bottom:10px;\n}\nbody .av-special-heading.av-2whu7o-6221c29644c262be02b3db1bf0480e62 .av-special-heading-tag .heading-char{\nfont-size:25px;\n}\n.av-special-heading.av-2whu7o-6221c29644c262be02b3db1bf0480e62 .av-subheading{\nfont-size:15px;\n}\n<\/style>\n<div  class='av-special-heading av-2whu7o-6221c29644c262be02b3db1bf0480e62 av-special-heading-h1 blockquote modern-quote modern-centered  avia-builder-el-2  avia-builder-el-no-sibling '><h1 class='av-special-heading-tag '  itemprop=\"headline\"  >Dati Societari<\/h1><div class=\"special-heading-border\"><div class=\"special-heading-inner-border\"><\/div><\/div><\/div><\/div><div  class='flex_column av-qeulp-e72f99b51d5d3c29ec4039ac2ad5ab32 av_two_fifth  avia-builder-el-3  el_after_av_one_full  el_before_av_three_fifth  first flex_column_div  column-top-margin'     ><section  class='av_textblock_section av-lp2px-1231559d2b2b78c77aded8e25776fbb1 '   itemscope=\"itemscope\" itemtype=\"https:\/\/schema.org\/CreativeWork\" ><div class='avia_textblock'  itemprop=\"text\" ><p><strong>Maura Wasescha AG\u00a0<\/strong><br \/>\nVia dal Bagn 12<br \/>\nCH-7500 St. Moritz<br \/>\nTelefon +41 81 833 77 00<br \/>\n<a href=\"mailto:consulting@maurawasescha.com\" target=\"_blank\" rel=\"noopener\">consulting@maurawasescha.com<\/a><\/p>\n<p>Konzept, Design, Programmierung<br \/>\nS\u00fcsskind SGD, Chur<br \/>\n<a title=\"S\u00fcssskind Grafik und Webdesign Chur\" href=\"http:\/\/www.suesskind.ch\" target=\"_blank\" rel=\"noopener\">suesskind.ch<\/a><\/p>\n<\/div><\/section><\/div>\n<style type=\"text\/css\" data-created_by=\"avia_inline_auto\" id=\"style-css-av-dr9d9-8a619ee0648c49e070e5101f65505cab\">\n.flex_column.av-dr9d9-8a619ee0648c49e070e5101f65505cab{\nborder-radius:0px 0px 0px 0px;\npadding:0px 0px 0px 0px;\n}\n<\/style>\n<div  class='flex_column av-dr9d9-8a619ee0648c49e070e5101f65505cab av_three_fifth  avia-builder-el-5  el_after_av_two_fifth  avia-builder-el-last  flex_column_div av-zero-column-padding  column-top-margin'     ><section  class='av_textblock_section av-t94t-bf7c06bc688707cc1c2e0fe7422546fd '   itemscope=\"itemscope\" itemtype=\"https:\/\/schema.org\/CreativeWork\" ><div class='avia_textblock'  itemprop=\"text\" ><p><strong>maurawasescha.com<br \/>\n<\/strong>I contenuti di questo sito sono stati creati con la massima cura. Tuttavia, la Maura Wasescha AG non si assume alcuna responsabilit\u00e0 per la correttezza, la completezza e l&#8217;attualit\u00e0 dei contenuti. L&#8217;utilizzo di questo sito Web \u00e8 a rischio e pericolo dell&#8217;utente. Contributi nominativamente individuati riflettono l&#8217;opinione del rispettivo autore.<\/p>\n<p><strong>Link<br \/>\n<\/strong>Siti web collegati sono di responsabilit\u00e0 dei rispettivi operatori. Non ha alcuna influenza sui contenuti attuali e futuri di tali siti collegati e non al contenuto collegato.<\/p>\n<p><strong>Copyright (diritto d&#8217;autore)<br \/>\n<\/strong>Il copyright per i contenuti pubblicati \u00e8 il Maura Wasescha AG. I contenuti possono essere divulgati, anche soltanto per una parte, solo indicando il riferimento sul nome della \u201cmaurawasescha.com&#8221;. La presentazione di questo sito in frame esterni non \u00e8 consentito.<\/p>\n<p><strong>Informativa sulla privacy (Informativa sulla privacy)<br \/>\n<\/strong>Utilizzo delle informazioni In genere potete visitare il nostro sito senza dover fornire informazioni personali. Solo i dati non personali quali l&#8217;indirizzo IP, l&#8217;ultima pagina visitata, il browser utilizzato, data, ora, ecc al fine di identificare le tendenze e per migliorare i servizi on-line in forma anonima e utilizzandoli solo internamente. Questo non \u00e8 legato alle vostre informazioni personali.<\/p>\n<p><strong>Esclusione comunicazione dei dati<br \/>\n<\/strong>I dati del cliente non saranno venduti o condivisi con terze parti. Eccezione: i fornitori di servizi esterni che elaborano i dati necessari per svolgere il lavoro per noi. Queste sono in particolare i seguenti fornitori di servizi: Google Inc. (statistiche di accesso)<\/p>\n<p><strong>Cookies<br \/>\n<\/strong>In certi casi, vengono utilizzati i cosiddetti cookie. \u00c8 possibile impostare il browser in modo che prima che un cookie viene salvato, sullo schermo viene visualizzato un messaggio di avviso. \u00c8 inoltre possibile rinunciare ai vantaggi di cookie personali. In questo caso alcuni servizi non possono essere utilizzati.<\/p>\n<p><strong>Archiviazione e backup dei dati<br \/>\n<\/strong>Maura Wasescha AG adotta opportune misure precauzionali e utilizza tecnologie appropriate per proteggere i vostri dati. Rimangano archivati solo in quanto \u00e8 data la necessit\u00e0 in vista di tale scopo. In generale, tuttavia, verranno cancellati dopo 12 mesi.<\/p>\n<p><strong>Modifiche a questa Normativa sulla Privacy<br \/>\n<\/strong>Modifiche a questa informativa sulla privacy possono essere effettuate in qualsiasi momento. Si prega di consultare regolarmente questa dichiarazione.<\/p>\n<p><strong>Base giuridica<br \/>\n<\/strong>La legge federale sulla protezione dei dati (DPA) costituisce la base della presente Informativa sulla privacy.<\/p>\n<\/div><\/section><\/div>\n","protected":false},"excerpt":{"rendered":"","protected":false},"author":1,"featured_media":0,"parent":0,"menu_order":0,"comment_status":"closed","ping_status":"closed","template":"","meta":{"_acf_changed":false,"footnotes":""},"class_list":["post-12372","page","type-page","status-publish","hentry"],"acf":[],"yoast_head":"<!-- This site is optimized with the Yoast SEO plugin v26.3 - https:\/\/yoast.com\/wordpress\/plugins\/seo\/ -->\n<title>Dati Societari - Maurawasescha<\/title>\n<meta name=\"robots\" content=\"index, follow, max-snippet:-1, max-image-preview:large, max-video-preview:-1\" \/>\n<link rel=\"canonical\" href=\"https:\/\/www.maurawasescha1.ch\/it\/dati-societari\/\" \/>\n<meta property=\"og:locale\" content=\"it_IT\" \/>\n<meta property=\"og:type\" content=\"article\" \/>\n<meta property=\"og:title\" content=\"Dati Societari - Maurawasescha\" \/>\n<meta property=\"og:url\" content=\"https:\/\/www.maurawasescha1.ch\/it\/dati-societari\/\" \/>\n<meta property=\"og:site_name\" content=\"Maurawasescha\" \/>\n<meta property=\"article:publisher\" content=\"https:\/\/www.facebook.com\/maurawasescha\/\" \/>\n<meta property=\"article:modified_time\" content=\"2022-03-24T06:38:22+00:00\" \/>\n<meta name=\"twitter:card\" content=\"summary_large_image\" \/>\n<meta name=\"twitter:label1\" content=\"Tempo di lettura stimato\" \/>\n\t<meta name=\"twitter:data1\" content=\"4 minuti\" \/>\n<script type=\"application\/ld+json\" class=\"yoast-schema-graph\">{\"@context\":\"https:\/\/schema.org\",\"@graph\":[{\"@type\":\"WebPage\",\"@id\":\"https:\/\/www.maurawasescha1.ch\/it\/dati-societari\/\",\"url\":\"https:\/\/www.maurawasescha1.ch\/it\/dati-societari\/\",\"name\":\"Dati Societari - Maurawasescha\",\"isPartOf\":{\"@id\":\"https:\/\/www.maurawasescha1.ch\/it\/#website\"},\"datePublished\":\"2019-10-01T07:03:58+00:00\",\"dateModified\":\"2022-03-24T06:38:22+00:00\",\"breadcrumb\":{\"@id\":\"https:\/\/www.maurawasescha1.ch\/it\/dati-societari\/#breadcrumb\"},\"inLanguage\":\"it-IT\",\"potentialAction\":[{\"@type\":\"ReadAction\",\"target\":[\"https:\/\/www.maurawasescha1.ch\/it\/dati-societari\/\"]}]},{\"@type\":\"BreadcrumbList\",\"@id\":\"https:\/\/www.maurawasescha1.ch\/it\/dati-societari\/#breadcrumb\",\"itemListElement\":[{\"@type\":\"ListItem\",\"position\":1,\"name\":\"Startseite\",\"item\":\"https:\/\/www.maurawasescha1.ch\/it\/\"},{\"@type\":\"ListItem\",\"position\":2,\"name\":\"Dati Societari\"}]},{\"@type\":\"WebSite\",\"@id\":\"https:\/\/www.maurawasescha1.ch\/it\/#website\",\"url\":\"https:\/\/www.maurawasescha1.ch\/it\/\",\"name\":\"Maurawasescha\",\"description\":\"Luxury Properties for Rent and Sale\",\"publisher\":{\"@id\":\"https:\/\/www.maurawasescha1.ch\/it\/#organization\"},\"potentialAction\":[{\"@type\":\"SearchAction\",\"target\":{\"@type\":\"EntryPoint\",\"urlTemplate\":\"https:\/\/www.maurawasescha1.ch\/it\/?s={search_term_string}\"},\"query-input\":{\"@type\":\"PropertyValueSpecification\",\"valueRequired\":true,\"valueName\":\"search_term_string\"}}],\"inLanguage\":\"it-IT\"},{\"@type\":\"Organization\",\"@id\":\"https:\/\/www.maurawasescha1.ch\/it\/#organization\",\"name\":\"Maura Wasescha AG\",\"url\":\"https:\/\/www.maurawasescha1.ch\/it\/\",\"logo\":{\"@type\":\"ImageObject\",\"inLanguage\":\"it-IT\",\"@id\":\"https:\/\/www.maurawasescha1.ch\/it\/#\/schema\/logo\/image\/\",\"url\":\"https:\/\/www.maurawasescha1.ch\/wp-content\/uploads\/2015\/05\/maura_wasescha.png\",\"contentUrl\":\"https:\/\/www.maurawasescha1.ch\/wp-content\/uploads\/2015\/05\/maura_wasescha.png\",\"width\":578,\"height\":258,\"caption\":\"Maura Wasescha AG\"},\"image\":{\"@id\":\"https:\/\/www.maurawasescha1.ch\/it\/#\/schema\/logo\/image\/\"},\"sameAs\":[\"https:\/\/www.facebook.com\/maurawasescha\/\",\"https:\/\/www.instagram.com\/maurawasescha_agency\/?hl=de\",\"https:\/\/ch.linkedin.com\/in\/maura-wasescha-60bb20104\"]}]}<\/script>\n<!-- \/ Yoast SEO plugin. -->","yoast_head_json":{"title":"Dati Societari - Maurawasescha","robots":{"index":"index","follow":"follow","max-snippet":"max-snippet:-1","max-image-preview":"max-image-preview:large","max-video-preview":"max-video-preview:-1"},"canonical":"https:\/\/www.maurawasescha1.ch\/it\/dati-societari\/","og_locale":"it_IT","og_type":"article","og_title":"Dati Societari - Maurawasescha","og_url":"https:\/\/www.maurawasescha1.ch\/it\/dati-societari\/","og_site_name":"Maurawasescha","article_publisher":"https:\/\/www.facebook.com\/maurawasescha\/","article_modified_time":"2022-03-24T06:38:22+00:00","twitter_card":"summary_large_image","twitter_misc":{"Tempo di lettura stimato":"4 minuti"},"schema":{"@context":"https:\/\/schema.org","@graph":[{"@type":"WebPage","@id":"https:\/\/www.maurawasescha1.ch\/it\/dati-societari\/","url":"https:\/\/www.maurawasescha1.ch\/it\/dati-societari\/","name":"Dati Societari - Maurawasescha","isPartOf":{"@id":"https:\/\/www.maurawasescha1.ch\/it\/#website"},"datePublished":"2019-10-01T07:03:58+00:00","dateModified":"2022-03-24T06:38:22+00:00","breadcrumb":{"@id":"https:\/\/www.maurawasescha1.ch\/it\/dati-societari\/#breadcrumb"},"inLanguage":"it-IT","potentialAction":[{"@type":"ReadAction","target":["https:\/\/www.maurawasescha1.ch\/it\/dati-societari\/"]}]},{"@type":"BreadcrumbList","@id":"https:\/\/www.maurawasescha1.ch\/it\/dati-societari\/#breadcrumb","itemListElement":[{"@type":"ListItem","position":1,"name":"Startseite","item":"https:\/\/www.maurawasescha1.ch\/it\/"},{"@type":"ListItem","position":2,"name":"Dati Societari"}]},{"@type":"WebSite","@id":"https:\/\/www.maurawasescha1.ch\/it\/#website","url":"https:\/\/www.maurawasescha1.ch\/it\/","name":"Maurawasescha","description":"Luxury Properties for Rent and Sale","publisher":{"@id":"https:\/\/www.maurawasescha1.ch\/it\/#organization"},"potentialAction":[{"@type":"SearchAction","target":{"@type":"EntryPoint","urlTemplate":"https:\/\/www.maurawasescha1.ch\/it\/?s={search_term_string}"},"query-input":{"@type":"PropertyValueSpecification","valueRequired":true,"valueName":"search_term_string"}}],"inLanguage":"it-IT"},{"@type":"Organization","@id":"https:\/\/www.maurawasescha1.ch\/it\/#organization","name":"Maura Wasescha AG","url":"https:\/\/www.maurawasescha1.ch\/it\/","logo":{"@type":"ImageObject","inLanguage":"it-IT","@id":"https:\/\/www.maurawasescha1.ch\/it\/#\/schema\/logo\/image\/","url":"https:\/\/www.maurawasescha1.ch\/wp-content\/uploads\/2015\/05\/maura_wasescha.png","contentUrl":"https:\/\/www.maurawasescha1.ch\/wp-content\/uploads\/2015\/05\/maura_wasescha.png","width":578,"height":258,"caption":"Maura Wasescha AG"},"image":{"@id":"https:\/\/www.maurawasescha1.ch\/it\/#\/schema\/logo\/image\/"},"sameAs":["https:\/\/www.facebook.com\/maurawasescha\/","https:\/\/www.instagram.com\/maurawasescha_agency\/?hl=de","https:\/\/ch.linkedin.com\/in\/maura-wasescha-60bb20104"]}]}},"jetpack_sharing_enabled":true,"_links":{"self":[{"href":"https:\/\/www.maurawasescha1.ch\/it\/wp-json\/wp\/v2\/pages\/12372","targetHints":{"allow":["GET"]}}],"collection":[{"href":"https:\/\/www.maurawasescha1.ch\/it\/wp-json\/wp\/v2\/pages"}],"about":[{"href":"https:\/\/www.maurawasescha1.ch\/it\/wp-json\/wp\/v2\/types\/page"}],"author":[{"embeddable":true,"href":"https:\/\/www.maurawasescha1.ch\/it\/wp-json\/wp\/v2\/users\/1"}],"replies":[{"embeddable":true,"href":"https:\/\/www.maurawasescha1.ch\/it\/wp-json\/wp\/v2\/comments?post=12372"}],"version-history":[{"count":0,"href":"https:\/\/www.maurawasescha1.ch\/it\/wp-json\/wp\/v2\/pages\/12372\/revisions"}],"wp:attachment":[{"href":"https:\/\/www.maurawasescha1.ch\/it\/wp-json\/wp\/v2\/media?parent=12372"}],"curies":[{"name":"wp","href":"https:\/\/api.w.org\/{rel}","templated":true}]}}